{"id":9,"date":"2023-10-30T19:13:20","date_gmt":"2023-10-30T19:13:20","guid":{"rendered":"https:\/\/surlatina.cl\/?page_id=9"},"modified":"2024-05-06T22:26:39","modified_gmt":"2024-05-06T22:26:39","slug":"inicio","status":"publish","type":"page","link":"https:\/\/surlatina.cl\/","title":{"rendered":"Inicio"},"content":{"rendered":"<p>[et_pb_section fb_built=\u00bb1&#8243; custom_padding_last_edited=\u00bboff|tablet\u00bb admin_label=\u00bbHeader\u00bb _builder_version=\u00bb4.21.0&#8243; _module_preset=\u00bbdefault\u00bb background_enable_color=\u00bboff\u00bb use_background_color_gradient=\u00bbon\u00bb background_color_gradient_direction=\u00bb90deg\u00bb background_color_gradient_stops=\u00bb#204254 0%|rgba(0,0,0,0) 100%\u00bb background_color_gradient_overlays_image=\u00bbon\u00bb background_color_gradient_start=\u00bb#8300e9&#8243; background_color_gradient_end=\u00bbrgba(0,0,0,0)\u00bb background_image=\u00bbhttps:\/\/surlatina.cl\/wp-content\/uploads\/2023\/10\/ima-2.webp\u00bb background_size=\u00bbcontain\u00bb background_position=\u00bbtop_left\u00bb custom_padding=\u00bb7vw||0px||false|false\u00bb custom_padding_tablet=\u00bb||||false|false\u00bb global_colors_info=\u00bb{}\u00bb][et_pb_row _builder_version=\u00bb4.16&#8243; _module_preset=\u00bbdefault\u00bb global_colors_info=\u00bb{}\u00bb][et_pb_column type=\u00bb4_4&#8243; _builder_version=\u00bb4.16&#8243; _module_preset=\u00bbdefault\u00bb global_colors_info=\u00bb{}\u00bb][et_pb_divider show_divider=\u00bboff\u00bb _builder_version=\u00bb4.16&#8243; _module_preset=\u00bbdefault\u00bb background_image=\u00bbhttps:\/\/surlatina.cl\/wp-content\/uploads\/2023\/10\/high-school_48.png\u00bb background_size=\u00bbinitial\u00bb background_position=\u00bbtop_left\u00bb background_repeat=\u00bbrepeat-x\u00bb custom_margin=\u00bb|380px|10px|-30vw|false|false\u00bb global_colors_info=\u00bb{}\u00bb][\/et_pb_divider][et_pb_text content_tablet=\u00bb<\/p>\n<h1>Consultores Especializados en Transformaci\u00f3n Organizacional<\/h1>\n<p>\u00bb content_phone=\u00bb<\/p>\n<h1>Consultores<br \/>Especializados en Transformaci\u00f3n Organizacional<\/h1>\n<p>\u00bb content_last_edited=\u00bbon|phone\u00bb _builder_version=\u00bb4.23&#8243; _module_preset=\u00bbe598b17a-9229-42f6-b238-019d6094332e\u00bb header_font=\u00bbRoboto|500|||||||\u00bb header_text_color=\u00bb#FFFFFF\u00bb header_font_size=\u00bb44px\u00bb header_line_height=\u00bb1.15em\u00bb max_width=\u00bb800px\u00bb custom_margin_tablet=\u00bb\u00bb custom_margin_phone=\u00bb-51px||||false|false\u00bb custom_margin_last_edited=\u00bbon|phone\u00bb animation_style=\u00bbzoom\u00bb header_font_size_tablet=\u00bb40px\u00bb header_font_size_phone=\u00bb24px\u00bb header_font_size_last_edited=\u00bbon|desktop\u00bb text_text_shadow_style=\u00bbpreset1&#8243; locked=\u00bboff\u00bb global_colors_info=\u00bb{}\u00bb]<\/p>\n<h1>Consultores Especializados en Transformaci\u00f3n Organizacional<\/h1>\n<p>[\/et_pb_text][et_pb_button button_url=\u00bbhttps:\/\/surlatina.cl\/index.php\/contacto\/\u00bb button_text=\u00bbCont\u00e1ctanos\u00bb _builder_version=\u00bb4.23&#8243; _module_preset=\u00bbec1c8900-b8c6-4613-b437-dca1263aa061&#8243; custom_button=\u00bbon\u00bb button_text_size=\u00bb16px\u00bb button_text_color=\u00bb#000000&#8243; button_bg_color=\u00bb#FFFFFF\u00bb button_border_width=\u00bb0px\u00bb button_border_radius=\u00bb0px\u00bb button_font=\u00bbRoboto|700|||||||\u00bb custom_padding=\u00bb15px|30px|15px|30px|true|true\u00bb box_shadow_style=\u00bbpreset3&#8243; box_shadow_vertical=\u00bb60px\u00bb box_shadow_blur=\u00bb60px\u00bb box_shadow_spread=\u00bb0px\u00bb box_shadow_color=\u00bbrgba(14,15,43,0.1)\u00bb locked=\u00bboff\u00bb global_colors_info=\u00bb{}\u00bb][\/et_pb_button][\/et_pb_column][\/et_pb_row][et_pb_row column_structure=\u00bb1_4,1_4,1_4,1_4&#8243; use_custom_gutter=\u00bbon\u00bb gutter_width=\u00bb1&#8243; make_equal=\u00bbon\u00bb _builder_version=\u00bb4.21.0&#8243; _module_preset=\u00bbdefault\u00bb width=\u00bb100%\u00bb max_width=\u00bb100%\u00bb custom_margin=\u00bb6vw||||false|false\u00bb custom_margin_tablet=\u00bb0px||||false|false\u00bb custom_margin_last_edited=\u00bboff|desktop\u00bb custom_padding=\u00bb0px||0px||true|false\u00bb global_colors_info=\u00bb{}\u00bb][et_pb_column type=\u00bb1_4&#8243; _builder_version=\u00bb4.21.0&#8243; _module_preset=\u00bbdefault\u00bb background_color=\u00bb#f6f2b4&#8243; background_image=\u00bbhttps:\/\/surlatina.cl\/wp-content\/uploads\/2023\/10\/high-school_50.png\u00bb background_size=\u00bbinitial\u00bb background_position=\u00bbtop_left\u00bb background_repeat=\u00bbrepeat-x\u00bb custom_padding=\u00bb60px|30px|40px|30px|false|true\u00bb custom_padding_tablet=\u00bb40px|20px|20px|20px|false|true\u00bb custom_padding_phone=\u00bb40px|20px|20px|20px|false|true\u00bb custom_padding_last_edited=\u00bbon|desktop\u00bb global_colors_info=\u00bb{}\u00bb][et_pb_text _builder_version=\u00bb4.21.0&#8243; _module_preset=\u00bb38128ce4-78a8-4c45-b3ff-f4fb37f074f0&#8243; text_font=\u00bbRoboto||||||||\u00bb header_font=\u00bb||||||||\u00bb header_4_font=\u00bbRoboto|500|||||||\u00bb header_4_text_color=\u00bb#FFFFFF\u00bb header_4_line_height=\u00bb1.5em\u00bb background_color=\u00bb#204254&#8243; animation_style=\u00bbfold\u00bb header_4_font_size_tablet=\u00bb16px\u00bb header_4_font_size_phone=\u00bb14px\u00bb header_4_font_size_last_edited=\u00bbon|tablet\u00bb text_text_shadow_style=\u00bbpreset1&#8243; border_radii=\u00bbon|5px|5px|5px|5px\u00bb border_width_all=\u00bb10px\u00bb border_color_all=\u00bb#204254&#8243; locked=\u00bboff\u00bb global_colors_info=\u00bb{}\u00bb]<\/p>\n<h4>Gesti\u00f3n y Negocios<\/h4>\n<p>[\/et_pb_text][et_pb_text _builder_version=\u00bb4.21.0&#8243; _module_preset=\u00bb7262e956-c376-4aa6-9642-c413f71527d0&#8243; text_font=\u00bbRoboto Condensed||||||||\u00bb text_text_color=\u00bb#204254&#8243; text_line_height=\u00bb1.8em\u00bb custom_padding=\u00bb2px|||||\u00bb header_font_size_tablet=\u00bb55px\u00bb header_font_size_last_edited=\u00bboff|desktop\u00bb locked=\u00bboff\u00bb global_colors_info=\u00bb{}\u00bb]<\/p>\n<ul>\n<li>An\u00e1lisis y Planificaci\u00f3n Estrat\u00e9gica \/ Operativa<\/li>\n<li>An\u00e1lisis y Gesti\u00f3n del Riesgo<\/li>\n<li style=\"font-size: 14px;\">Desarrollo, Implementaci\u00f3n y Mantenci\u00f3n de Sistemas de Gesti\u00f3n (est\u00e1ndares ISO)<\/li>\n<li style=\"font-size: 14px;\">Auditor\u00edas de Gesti\u00f3n<\/li>\n<li>Compliance \/ Prevenci\u00f3n del Delito<\/li>\n<li>Estudios y Proyectos<\/li>\n<\/ul>\n<p>[\/et_pb_text][\/et_pb_column][et_pb_column type=\u00bb1_4&#8243; _builder_version=\u00bb4.21.0&#8243; _module_preset=\u00bbdefault\u00bb background_color=\u00bb#204254&#8243; background_image=\u00bbhttps:\/\/surlatina.cl\/wp-content\/uploads\/2023\/10\/high-school_50.png\u00bb background_size=\u00bbinitial\u00bb background_position=\u00bbtop_left\u00bb background_repeat=\u00bbrepeat-x\u00bb custom_padding=\u00bb60px|30px|40px|30px|false|true\u00bb custom_padding_tablet=\u00bb40px|20px|20px|20px|false|true\u00bb custom_padding_phone=\u00bb40px|20px|20px|20px|false|true\u00bb custom_padding_last_edited=\u00bbon|desktop\u00bb global_colors_info=\u00bb{}\u00bb][et_pb_text _builder_version=\u00bb4.21.0&#8243; _module_preset=\u00bb38128ce4-78a8-4c45-b3ff-f4fb37f074f0&#8243; text_font=\u00bbRoboto||||||||\u00bb header_font=\u00bb||||||||\u00bb header_4_font=\u00bbRoboto|500|||||||\u00bb header_4_text_color=\u00bb#FFFFFF\u00bb header_4_line_height=\u00bb1.5em\u00bb background_color=\u00bb#204254&#8243; animation_style=\u00bbfold\u00bb header_4_font_size_tablet=\u00bb16px\u00bb header_4_font_size_phone=\u00bb14px\u00bb header_4_font_size_last_edited=\u00bbon|tablet\u00bb text_text_shadow_style=\u00bbpreset1&#8243; border_radii=\u00bbon|5px|5px|5px|5px\u00bb border_width_all=\u00bb10px\u00bb border_color_all=\u00bb#204254&#8243; locked=\u00bboff\u00bb global_colors_info=\u00bb{}\u00bb]<\/p>\n<h4>Transformaci\u00f3n Organizacional<\/h4>\n<p>[\/et_pb_text][et_pb_text _builder_version=\u00bb4.21.0&#8243; _module_preset=\u00bb7262e956-c376-4aa6-9642-c413f71527d0&#8243; text_font=\u00bbRoboto Condensed||||||||\u00bb text_text_color=\u00bb#FFFFFF\u00bb text_line_height=\u00bb1.8em\u00bb header_font_size_tablet=\u00bb55px\u00bb header_font_size_last_edited=\u00bboff|desktop\u00bb locked=\u00bboff\u00bb global_colors_info=\u00bb{}\u00bb]<\/p>\n<ul>\n<li>Diagn\u00f3stico Organizacional<\/li>\n<li>An\u00e1lisis y Redise\u00f1o de Procesos<\/li>\n<li>Dise\u00f1o Organizacional y Funcional<\/li>\n<li>Gesti\u00f3n del Cambio<\/li>\n<li>Transformaci\u00f3n Digital<\/li>\n<\/ul>\n<p>[\/et_pb_text][\/et_pb_column][et_pb_column type=\u00bb1_4&#8243; _builder_version=\u00bb4.21.0&#8243; _module_preset=\u00bbdefault\u00bb background_color=\u00bb#f6f2b4&#8243; background_image=\u00bbhttps:\/\/surlatina.cl\/wp-content\/uploads\/2023\/10\/high-school_50.png\u00bb background_size=\u00bbinitial\u00bb background_position=\u00bbtop_left\u00bb background_repeat=\u00bbrepeat-x\u00bb custom_padding=\u00bb60px|30px|40px|30px|false|true\u00bb custom_padding_tablet=\u00bb40px|20px|20px|20px|false|true\u00bb custom_padding_phone=\u00bb40px|20px|20px|20px|false|true\u00bb custom_padding_last_edited=\u00bbon|desktop\u00bb global_colors_info=\u00bb{}\u00bb][et_pb_text _builder_version=\u00bb4.21.0&#8243; _module_preset=\u00bb38128ce4-78a8-4c45-b3ff-f4fb37f074f0&#8243; text_font=\u00bbRoboto||||||||\u00bb header_font=\u00bb||||||||\u00bb header_4_font=\u00bbRoboto|500|||||||\u00bb header_4_text_color=\u00bb#FFFFFF\u00bb header_4_line_height=\u00bb1.5em\u00bb background_color=\u00bb#204254&#8243; animation_style=\u00bbfold\u00bb header_4_font_size_tablet=\u00bb16px\u00bb header_4_font_size_phone=\u00bb14px\u00bb header_4_font_size_last_edited=\u00bbon|tablet\u00bb text_text_shadow_style=\u00bbpreset1&#8243; border_radii=\u00bbon|5px|5px|5px|5px\u00bb border_width_all=\u00bb10px\u00bb border_color_all=\u00bb#204254&#8243; locked=\u00bboff\u00bb global_colors_info=\u00bb{}\u00bb]<\/p>\n<h4>Aprendizaje Organizacional<\/h4>\n<p>[\/et_pb_text][et_pb_text _builder_version=\u00bb4.21.0&#8243; _module_preset=\u00bb7262e956-c376-4aa6-9642-c413f71527d0&#8243; text_font=\u00bbRoboto Condensed||||||||\u00bb text_text_color=\u00bb#204254&#8243; text_line_height=\u00bb1.8em\u00bb header_font_size_tablet=\u00bb55px\u00bb header_font_size_last_edited=\u00bboff|desktop\u00bb locked=\u00bboff\u00bb global_colors_info=\u00bb{}\u00bb]<\/p>\n<ul>\n<li>Dise\u00f1o Instruccional<\/li>\n<li>Cursos, Talleres y Programas de Especializaci\u00f3n<\/li>\n<li>Academia Surlatina para Jefes<\/li>\n<\/ul>\n<p>[\/et_pb_text][\/et_pb_column][et_pb_column type=\u00bb1_4&#8243; _builder_version=\u00bb4.21.0&#8243; _module_preset=\u00bbdefault\u00bb background_color=\u00bb#204254&#8243; background_image=\u00bbhttps:\/\/surlatina.cl\/wp-content\/uploads\/2023\/10\/high-school_50.png\u00bb background_size=\u00bbinitial\u00bb background_position=\u00bbtop_left\u00bb background_repeat=\u00bbrepeat-x\u00bb custom_padding=\u00bb60px|30px|40px|30px|false|true\u00bb custom_padding_tablet=\u00bb40px|20px|20px|20px|false|true\u00bb custom_padding_phone=\u00bb40px|20px|20px|20px|false|true\u00bb custom_padding_last_edited=\u00bbon|desktop\u00bb global_colors_info=\u00bb{}\u00bb][et_pb_text _builder_version=\u00bb4.21.0&#8243; _module_preset=\u00bb38128ce4-78a8-4c45-b3ff-f4fb37f074f0&#8243; text_font=\u00bbRoboto||||||||\u00bb header_font=\u00bb||||||||\u00bb header_4_font=\u00bbRoboto|500|||||||\u00bb header_4_text_color=\u00bb#FFFFFF\u00bb header_4_line_height=\u00bb1.5em\u00bb background_color=\u00bb#204254&#8243; animation_style=\u00bbfold\u00bb header_4_font_size_tablet=\u00bb16px\u00bb header_4_font_size_phone=\u00bb14px\u00bb header_4_font_size_last_edited=\u00bbon|tablet\u00bb text_text_shadow_style=\u00bbpreset1&#8243; border_radii=\u00bbon|5px|5px|5px|5px\u00bb border_width_all=\u00bb10px\u00bb border_color_all=\u00bb#204254&#8243; locked=\u00bboff\u00bb global_colors_info=\u00bb{}\u00bb]<\/p>\n<h4>Selecci\u00f3n Ejecutiva y Profesional<\/h4>\n<p>[\/et_pb_text][et_pb_text _builder_version=\u00bb4.21.0&#8243; _module_preset=\u00bb7262e956-c376-4aa6-9642-c413f71527d0&#8243; text_font=\u00bbRoboto Condensed||||||||\u00bb text_text_color=\u00bb#FFFFFF\u00bb text_line_height=\u00bb1.8em\u00bb header_font_size_tablet=\u00bb55px\u00bb header_font_size_last_edited=\u00bboff|desktop\u00bb locked=\u00bboff\u00bb global_colors_info=\u00bb{}\u00bb]<\/p>\n<ul>\n<li>B\u00fasqueda de profesionales y ejecutivos<\/li>\n<li>Evaluaci\u00f3n con enfoque de competencias<\/li>\n<li>Apoyo a los procesos de On Boarding<\/li>\n<li>Apoyo a procesos para la Alta Direcci\u00f3n P\u00fablica<\/li>\n<\/ul>\n<p>[\/et_pb_text][\/et_pb_column][\/et_pb_row][\/et_pb_section][et_pb_section fb_built=\u00bb1&#8243; admin_label=\u00bbAbout\u00bb _builder_version=\u00bb4.23&#8243; _module_preset=\u00bbdefault\u00bb background_image=\u00bbhttps:\/\/surlatina.cl\/wp-content\/uploads\/2023\/10\/edif-2.webp\u00bb parallax=\u00bbon\u00bb custom_padding=\u00bb6px||6px||true|false\u00bb global_colors_info=\u00bb{}\u00bb][et_pb_row column_structure=\u00bb1_3,1_3,1_3&#8243; use_custom_gutter=\u00bbon\u00bb gutter_width=\u00bb1&#8243; make_equal=\u00bbon\u00bb _builder_version=\u00bb4.23&#8243; _module_preset=\u00bbdefault\u00bb custom_margin=\u00bb-6px||||false|false\u00bb custom_padding=\u00bb0px||0px||true|false\u00bb box_shadow_style=\u00bbpreset4&#8243; box_shadow_horizontal=\u00bb30vw\u00bb box_shadow_vertical=\u00bb0px\u00bb box_shadow_color=\u00bb#000000&#8243; global_colors_info=\u00bb{}\u00bb][et_pb_column type=\u00bb1_3&#8243; _builder_version=\u00bb4.16&#8243; _module_preset=\u00bbdefault\u00bb custom_padding=\u00bb100px|30px|30px||false|false\u00bb custom_padding_tablet=\u00bb30px|30px|30px||false|false\u00bb custom_padding_phone=\u00bb|20px|||false|false\u00bb custom_padding_last_edited=\u00bbon|phone\u00bb global_colors_info=\u00bb{}\u00bb][dsm_flipbox _builder_version=\u00bb4.21.0&#8243; _module_preset=\u00bbdefault\u00bb global_colors_info=\u00bb{}\u00bb][dsm_flipbox_child image=\u00bbhttps:\/\/surlatina.cl\/wp-content\/uploads\/2023\/10\/LOGOPNG-copia-V2-copia-fom.png\u00bb button_url_new_window=\u00bb1&#8243; _builder_version=\u00bb4.21.0&#8243; _module_preset=\u00bbdefault\u00bb global_colors_info=\u00bb{}\u00bb parent_header_level=\u00bbh4&#8243;][\/dsm_flipbox_child][dsm_flipbox_child title=\u00bbAGREGAMOS VALOR A SU NEGOCIO\u00bb button_url_new_window=\u00bb1&#8243; _builder_version=\u00bb4.21.0&#8243; _module_preset=\u00bbdefault\u00bb header_font=\u00bbRoboto||||||||\u00bb header_text_color=\u00bb#FFFFFF\u00bb header_font_size=\u00bb17px\u00bb global_colors_info=\u00bb{}\u00bb parent_header_level=\u00bbh4&#8243;][\/dsm_flipbox_child][\/dsm_flipbox][et_pb_text _builder_version=\u00bb4.23&#8243; _module_preset=\u00bb7262e956-c376-4aa6-9642-c413f71527d0&#8243; text_font=\u00bbRoboto||||||||\u00bb text_text_color=\u00bb#FFFFFF\u00bb text_font_size=\u00bb16px\u00bb text_line_height=\u00bb1.8em\u00bb text_orientation=\u00bbjustified\u00bb custom_margin=\u00bb48px||||false|false\u00bb header_font_size_tablet=\u00bb55px\u00bb header_font_size_last_edited=\u00bboff|desktop\u00bb locked=\u00bboff\u00bb global_colors_info=\u00bb{}\u00bb]<\/p>\n<p><span style=\"color: #ffff00;\"><b><i><\/i><\/b><\/span><\/p>\n<p style=\"text-align: left;\"><span style=\"color: #ffff00;\"><b><i>Surlatina Consultores,\u00a0 <\/i><\/b><i>empresa chilena de consultor\u00eda presente desde 1989\u00a0 en el mercado ofrece a sus clientes el m\u00e1s alto est\u00e1ndar de calidad y experiencia profesional<\/i><\/span><\/p>\n<p style=\"text-align: left;\">Contribuimos al desarrollo de las empresas con un servicio de alta calidad.<\/p>\n<p style=\"text-align: left;\">Nuestra misi\u00f3n es contribuir al desarrollo de las empresas mediante la prestaci\u00f3n de servicios de calidad. Entendemos que esto se alcanza cuando ellos se adaptan en contenido y oportunidad a las verdaderas necesidades.<\/p>\n<p style=\"text-align: left;\">Nuestra orientaci\u00f3n esencial es agregar valor al cliente por la v\u00eda de proveer conocimiento y experiencia, adem\u00e1s de metodolog\u00edas y t\u00e9cnicas, que conduzcan a las organizaciones por un camino de \u00e9xito, reposicion\u00e1ndolas s\u00f3lidamente dentro de su \u00e1mbito de negocios.<br \/>Todos nuestros profesionales est\u00e1n especialmente capacitados para responder en forma \u00fanica y diferenciada a las expectativas de cada organizaci\u00f3n.<\/p>\n<p>[\/et_pb_text][\/et_pb_column][et_pb_column type=\u00bb1_3&#8243; _builder_version=\u00bb4.16&#8243; _module_preset=\u00bbdefault\u00bb global_colors_info=\u00bb{}\u00bb][dsm_flipbox _builder_version=\u00bb4.21.0&#8243; _module_preset=\u00bbdefault\u00bb custom_margin=\u00bb36px||||false|false\u00bb global_colors_info=\u00bb{}\u00bb][dsm_flipbox_child image=\u00bbhttps:\/\/surlatina.cl\/wp-content\/uploads\/2023\/10\/RED2.jpg\u00bb button_url_new_window=\u00bb1&#8243; _builder_version=\u00bb4.21.0&#8243; _module_preset=\u00bbdefault\u00bb global_colors_info=\u00bb{}\u00bb parent_header_level=\u00bbh4&#8243;][\/dsm_flipbox_child][dsm_flipbox_child title=\u00bbGesti\u00f3n y Negocios\u00bb button_url_new_window=\u00bb1&#8243; _builder_version=\u00bb4.21.0&#8243; _module_preset=\u00bbdefault\u00bb header_font=\u00bbRoboto|700|||||||\u00bb header_text_color=\u00bb#FFFFFF\u00bb content_font=\u00bbRoboto Condensed||||||||\u00bb content_text_color=\u00bb#FFFFFF\u00bb global_colors_info=\u00bb{}\u00bb parent_header_level=\u00bbh4&#8243;]<\/p>\n<ul>\n<li>An\u00e1lisis y Planificaci\u00f3n Estrat\u00e9gica \/ Operativa<\/li>\n<li>An\u00e1lisis y Gesti\u00f3n del Riesgo<\/li>\n<li><span style=\"font-size: 14px;\">Desarrollo, Implementaci\u00f3n y Mantenci\u00f3n de Sistemas de Gesti\u00f3n (est\u00e1ndares ISO)<\/span><\/li>\n<li>Auditor\u00edas de Gesti\u00f3n<\/li>\n<li>Compliance \/ Prevenci\u00f3n del Delito<\/li>\n<li>Estudios y Proyectos<\/li>\n<\/ul>\n<p>[\/dsm_flipbox_child][\/dsm_flipbox][dsm_flipbox _builder_version=\u00bb4.21.0&#8243; _module_preset=\u00bbdefault\u00bb custom_margin=\u00bb50px||||false|false\u00bb global_colors_info=\u00bb{}\u00bb][dsm_flipbox_child image=\u00bbhttps:\/\/surlatina.cl\/wp-content\/uploads\/2023\/10\/SUR15.jpg\u00bb button_url_new_window=\u00bb1&#8243; _builder_version=\u00bb4.21.0&#8243; _module_preset=\u00bbdefault\u00bb global_colors_info=\u00bb{}\u00bb parent_header_level=\u00bbh4&#8243;][\/dsm_flipbox_child][dsm_flipbox_child title=\u00bbTransformaci\u00f3n Organizacional\u00bb button_url_new_window=\u00bb1&#8243; _builder_version=\u00bb4.21.0&#8243; _module_preset=\u00bbdefault\u00bb header_font=\u00bbRoboto|700|||||||\u00bb header_text_color=\u00bb#FFFFFF\u00bb content_font=\u00bbRoboto Condensed||||||||\u00bb content_text_color=\u00bb#FFFFFF\u00bb subhead_font=\u00bbRoboto Condensed||||||||\u00bb subhead_text_color=\u00bb#FFFFFF\u00bb global_colors_info=\u00bb{}\u00bb parent_header_level=\u00bbh4&#8243;]<\/p>\n<ul>\n<li>Diagn\u00f3stico Organizacional<\/li>\n<li>An\u00e1lisis y Redise\u00f1o de Procesos<\/li>\n<li>Dise\u00f1o Organizacional y Funcional<\/li>\n<li>Gesti\u00f3n del Cambio<\/li>\n<li>Transformaci\u00f3n Digital<\/li>\n<\/ul>\n<p>[\/dsm_flipbox_child][\/dsm_flipbox][dsm_flipbox _builder_version=\u00bb4.21.0&#8243; _module_preset=\u00bbdefault\u00bb custom_margin=\u00bb50px||||false|false\u00bb global_colors_info=\u00bb{}\u00bb][dsm_flipbox_child image=\u00bbhttps:\/\/surlatina.cl\/wp-content\/uploads\/2023\/10\/aprend.webp\u00bb button_url_new_window=\u00bb1&#8243; _builder_version=\u00bb4.21.0&#8243; _module_preset=\u00bbdefault\u00bb global_colors_info=\u00bb{}\u00bb parent_header_level=\u00bbh4&#8243;][\/dsm_flipbox_child][dsm_flipbox_child title=\u00bbAprendizaje Organizacional\u00bb button_url_new_window=\u00bb1&#8243; _builder_version=\u00bb4.21.0&#8243; _module_preset=\u00bbdefault\u00bb header_font=\u00bbRoboto|700|||||||\u00bb header_text_color=\u00bb#FFFFFF\u00bb content_font=\u00bbRoboto Condensed||||||||\u00bb content_text_color=\u00bb#FFFFFF\u00bb subhead_font=\u00bbRoboto Condensed||||||||\u00bb subhead_text_color=\u00bb#FFFFFF\u00bb global_colors_info=\u00bb{}\u00bb parent_header_level=\u00bbh4&#8243;]<\/p>\n<ul>\n<li>Dise\u00f1o Instruccional<\/li>\n<li>Cursos, Talleres y Programas de Especializaci\u00f3n<\/li>\n<li>Academia Surlatina para Jefes<\/li>\n<\/ul>\n<p>[\/dsm_flipbox_child][\/dsm_flipbox][dsm_flipbox _builder_version=\u00bb4.23&#8243; _module_preset=\u00bbdefault\u00bb custom_margin=\u00bb50px||||false|false\u00bb global_colors_info=\u00bb{}\u00bb][dsm_flipbox_child image=\u00bbhttps:\/\/surlatina.cl\/wp-content\/uploads\/2023\/10\/img1.jpg\u00bb button_url_new_window=\u00bb1&#8243; _builder_version=\u00bb4.21.0&#8243; _module_preset=\u00bbdefault\u00bb global_colors_info=\u00bb{}\u00bb parent_header_level=\u00bbh4&#8243;][\/dsm_flipbox_child][dsm_flipbox_child title=\u00bbSelecci\u00f3n Ejecutiva y Profesional\u00bb button_url_new_window=\u00bb1&#8243; _builder_version=\u00bb4.23&#8243; _module_preset=\u00bbdefault\u00bb header_font=\u00bbRoboto|700|||||||\u00bb header_text_color=\u00bb#FFFFFF\u00bb content_font=\u00bbRoboto Condensed||||||||\u00bb content_text_color=\u00bb#FFFFFF\u00bb subhead_font=\u00bbRoboto Condensed||||||||\u00bb subhead_text_color=\u00bb#FFFFFF\u00bb global_colors_info=\u00bb{}\u00bb parent_header_level=\u00bbh4&#8243;]<\/p>\n<ul>\n<li>B\u00fasqueda de profesionales y ejecutivos<\/li>\n<li>Evaluaci\u00f3n con enfoque de competencias<\/li>\n<li>Apoyo a los procesos de On Boarding<\/li>\n<li>Apoyo a procesos para la Alta Direcci\u00f3n P\u00fablica<\/li>\n<\/ul>\n<p>[\/dsm_flipbox_child][\/dsm_flipbox][\/et_pb_column][et_pb_column type=\u00bb1_3&#8243; _builder_version=\u00bb4.21.0&#8243; _module_preset=\u00bbdefault\u00bb background_color=\u00bb#204254&#8243; background_image=\u00bbhttps:\/\/surlatina.cl\/wp-content\/uploads\/2023\/10\/edif-3.webp\u00bb custom_padding=\u00bb37px||37px|40px|true|false\u00bb custom_padding_tablet=\u00bb|||30px|false|false\u00bb custom_padding_phone=\u00bb|||20px|false|false\u00bb custom_padding_last_edited=\u00bbon|phone\u00bb global_colors_info=\u00bb{}\u00bb][et_pb_text _builder_version=\u00bb4.21.0&#8243; _module_preset=\u00bb5c989a74-8649-4b9a-a4a2-6d2b8ae2551c\u00bb text_text_color=\u00bb#FFFFFF\u00bb header_4_font=\u00bbRoboto|700||on|||||\u00bb header_4_text_color=\u00bb#EDF000&#8243; header_4_font_size=\u00bb12px\u00bb header_4_letter_spacing=\u00bb3px\u00bb header_4_line_height=\u00bb1.5em\u00bb custom_margin=\u00bb40px||0px||false|false\u00bb custom_margin_tablet=\u00bb30px||||false|false\u00bb custom_margin_phone=\u00bb20px||||false|false\u00bb custom_margin_last_edited=\u00bbon|tablet\u00bb locked=\u00bboff\u00bb global_colors_info=\u00bb{}\u00bb]<\/p>\n<h4>Direcci\u00f3n<\/h4>\n<p>[\/et_pb_text][et_pb_text _builder_version=\u00bb4.23&#8243; _module_preset=\u00bbc2a3d585-c259-4e5a-8faa-710c0e634348&#8243; text_font=\u00bbRoboto|500|||||||\u00bb text_text_color=\u00bb#FFFFFF\u00bb text_font_size=\u00bb16px\u00bb text_line_height=\u00bb1.6em\u00bb header_5_text_color=\u00bb#FFFFFF\u00bb header_5_line_height=\u00bb1.8em\u00bb text_font_size_tablet=\u00bb15px\u00bb text_font_size_phone=\u00bb14px\u00bb text_font_size_last_edited=\u00bbon|desktop\u00bb header_font_size_tablet=\u00bb55px\u00bb header_font_size_last_edited=\u00bboff|desktop\u00bb locked=\u00bboff\u00bb global_colors_info=\u00bb{}\u00bb]<\/p>\n<p><span>Apoquindo 2930, Piso 2<\/span><br \/><span>Las Condes. Santiago.<\/span><\/p>\n<p>[\/et_pb_text][et_pb_text _builder_version=\u00bb4.21.0&#8243; _module_preset=\u00bb5c989a74-8649-4b9a-a4a2-6d2b8ae2551c\u00bb header_4_font=\u00bbRoboto|700||on|||||\u00bb header_4_text_color=\u00bb#EDF000&#8243; header_4_font_size=\u00bb12px\u00bb header_4_letter_spacing=\u00bb3px\u00bb header_4_line_height=\u00bb1.5em\u00bb custom_margin=\u00bb40px||0px||false|false\u00bb custom_margin_tablet=\u00bb30px||||false|false\u00bb custom_margin_phone=\u00bb20px||||false|false\u00bb custom_margin_last_edited=\u00bbon|phone\u00bb locked=\u00bboff\u00bb global_colors_info=\u00bb{}\u00bb]<\/p>\n<h4>Email<\/h4>\n<p>[\/et_pb_text][et_pb_text _builder_version=\u00bb4.25.0&#8243; _module_preset=\u00bbc2a3d585-c259-4e5a-8faa-710c0e634348&#8243; text_font=\u00bbRoboto|500|||||||\u00bb text_text_color=\u00bb#FFFFFF\u00bb text_font_size=\u00bb16px\u00bb text_line_height=\u00bb1.6em\u00bb link_text_color=\u00bb#FFFFFF\u00bb header_5_text_color=\u00bb#FFFFFF\u00bb header_5_line_height=\u00bb1.8em\u00bb text_font_size_tablet=\u00bb15px\u00bb text_font_size_phone=\u00bb14px\u00bb text_font_size_last_edited=\u00bbon|desktop\u00bb header_font_size_tablet=\u00bb55px\u00bb header_font_size_last_edited=\u00bboff|desktop\u00bb locked=\u00bboff\u00bb global_colors_info=\u00bb{}\u00bb]<\/p>\n<p><a href=\"mailto:consultores@surlatina.cl\">consultores@surlatina.cl<\/a><\/p>\n<p>&nbsp;<\/p>\n<p>[\/et_pb_text][et_pb_text _builder_version=\u00bb4.23&#8243; _module_preset=\u00bbc2a3d585-c259-4e5a-8faa-710c0e634348&#8243; text_font=\u00bbRoboto Condensed|500|||||||\u00bb text_text_color=\u00bb#FFFFFF\u00bb text_font_size=\u00bb16px\u00bb text_line_height=\u00bb1.6em\u00bb link_text_color=\u00bb#FFFFFF\u00bb header_5_text_color=\u00bb#FFFFFF\u00bb header_5_line_height=\u00bb1.8em\u00bb custom_margin=\u00bb32px||||false|false\u00bb text_font_size_tablet=\u00bb15px\u00bb text_font_size_phone=\u00bb14px\u00bb text_font_size_last_edited=\u00bbon|desktop\u00bb header_font_size_tablet=\u00bb55px\u00bb header_font_size_last_edited=\u00bboff|desktop\u00bb locked=\u00bboff\u00bb global_colors_info=\u00bb{}\u00bb]<\/p>\n<p><a href=\"https:\/\/surlatina.cl\/index.php\/politicasdegestion\/\"><span style=\"text-decoration: underline;\">Pol\u00edticas de Gesti\u00f3n<\/span><\/a><\/p>\n<p>[\/et_pb_text][\/et_pb_column][\/et_pb_row][\/et_pb_section]<\/p>\n","protected":false},"excerpt":{"rendered":"<p>Consultores Especializados en Transformaci\u00f3n OrganizacionalGesti\u00f3n y Negocios An\u00e1lisis y Planificaci\u00f3n Estrat\u00e9gica \/ Operativa An\u00e1lisis y Gesti\u00f3n del Riesgo Desarrollo, Implementaci\u00f3n y Mantenci\u00f3n de Sistemas de Gesti\u00f3n (est\u00e1ndares ISO) Auditor\u00edas de Gesti\u00f3n Compliance \/ Prevenci\u00f3n del Delito Estudios y Proyectos Transformaci\u00f3n Organizacional Diagn\u00f3stico Organizacional An\u00e1lisis y Redise\u00f1o de Procesos Dise\u00f1o Organizacional y Funcional Gesti\u00f3n del Cambio [&hellip;]<\/p>\n","protected":false},"author":1,"featured_media":0,"parent":0,"menu_order":0,"comment_status":"closed","ping_status":"closed","template":"","meta":{"_et_pb_use_builder":"on","_et_pb_old_content":"","_et_gb_content_width":"","footnotes":""},"class_list":["post-9","page","type-page","status-publish","hentry"],"_links":{"self":[{"href":"https:\/\/surlatina.cl\/index.php\/wp-json\/wp\/v2\/pages\/9","targetHints":{"allow":["GET"]}}],"collection":[{"href":"https:\/\/surlatina.cl\/index.php\/wp-json\/wp\/v2\/pages"}],"about":[{"href":"https:\/\/surlatina.cl\/index.php\/wp-json\/wp\/v2\/types\/page"}],"author":[{"embeddable":true,"href":"https:\/\/surlatina.cl\/index.php\/wp-json\/wp\/v2\/users\/1"}],"replies":[{"embeddable":true,"href":"https:\/\/surlatina.cl\/index.php\/wp-json\/wp\/v2\/comments?post=9"}],"version-history":[{"count":35,"href":"https:\/\/surlatina.cl\/index.php\/wp-json\/wp\/v2\/pages\/9\/revisions"}],"predecessor-version":[{"id":206,"href":"https:\/\/surlatina.cl\/index.php\/wp-json\/wp\/v2\/pages\/9\/revisions\/206"}],"wp:attachment":[{"href":"https:\/\/surlatina.cl\/index.php\/wp-json\/wp\/v2\/media?parent=9"}],"curies":[{"name":"wp","href":"https:\/\/api.w.org\/{rel}","templated":true}]}}